{"id":492,"date":"2021-01-03T19:57:19","date_gmt":"2021-01-03T18:57:19","guid":{"rendered":"http:\/\/wp.xn--kernl-it-q4a.at\/?page_id=492"},"modified":"2021-01-03T19:57:19","modified_gmt":"2021-01-03T18:57:19","slug":"impressum","status":"publish","type":"page","link":"https:\/\/wp.xn--kernl-it-q4a.at\/?page_id=492","title":{"rendered":"impressum"},"content":{"rendered":"\n<h3 class=\"wp-block-heading\">verantwortlich f\u00fcr den inhalt dieser webseite:<\/h3>\n\n\n\n<p>impressum (offenlegungspflicht lt. \u00a725 mediengesetz):<\/p>\n\n\n\n<ul class=\"wp-block-list\"><li>medieninhaber:\u00a0plank it-service<\/li><li>anschrift:\u00a0brunngasse 59, 2540 bad v\u00f6slau<\/li><li>telefon:\u00a0+43 (0)664 \/ 91 31 838<\/li><li>homepage:\u00a0www.kern\u00f6l-it.at<\/li><li>UID-Nr:\u00a0ATU56717306<\/li><li>beh\u00f6rde gem. ecg:\u00a0bezirkshauptmannschaft baden<\/li><li>unternehmensgegenstand:\u00a0handel &amp; edv-dienstleistung, direktvertrieb<\/li><li>informationspflicht lt. \u00a7 5 abs. 1 e-commerce-gesetz:\u00a0<a rel=\"noreferrer noopener\" href=\"http:\/\/www.pits.cc\/\" target=\"_blank\">www.wko.at<\/a><\/li><\/ul>\n\n\n\n<h3 class=\"wp-block-heading\">allgemeine nutzungsbedingungen :<\/h3>\n\n\n\n<p>urheberrecht:<\/p>\n\n\n\n<p>die website\u00a0kern\u00f6l-it.at\u00a0ist in ihrer gesamtheit ebenso wie in teilen durch das urheberrecht gesch\u00fctzt. wir erlauben aber jedermann, die inhalte zum zweck der informationssuche sowie zur privaten verwendung auszudrucken und abzuspeichern. die \u00fcbernahme einzelner seiten als ganzes ist nicht gestattet. die \u00fcbernahme von seiten sowie die verwendung einzelner teile einer Seite bedarf der ausdr\u00fccklichen zustimmung .<\/p>\n\n\n\n<p>texte und bilder:<\/p>\n\n\n\n<p>alle texte und bilder sind urheberrechtlich gesch\u00fctzt und d\u00fcrfen weder reproduziert noch wieder verwendet oder f\u00fcr gewerbliche zwecke verwendet werden. die rechte an den bildern auf dieser webseite liegen bei fritz plank oder anderen autoren.<\/p>\n\n\n\n<p>pressemitteilungen:<\/p>\n\n\n\n<p>pressemitteilungen und andere als \u00f6ffentlich gekennzeichnete dokumente d\u00fcrfen in \u00f6ffentlichen mitteilungen unter der voraussetzung verwendet werden, da\u00df die quelle f\u00fcr die verwendete information in der mitteilung genannt wird. f\u00fcr die richtigkeit und vollst\u00e4ndigkeit s\u00e4mtlicher inhalte und darstellungen wird keine gew\u00e4hr \u00fcbernommen.<\/p>\n\n\n\n<p>verweise:<\/p>\n\n\n\n<p>einige links f\u00fchren sie zu webseiten anderer anbieter. diese dienen lediglich zur information \u00fcber die existenz weiterer informationen. wir \u00fcbernehmen keine verantwortung f\u00fcr auf solchen seiten ver\u00f6ffentlichte Inhalte. f\u00fcr den inhalt der verlinkten seiten sind ausschlie\u00dflich deren betreiber verantwortlich.<\/p>\n\n\n\n<p>datenschutz:<\/p>\n\n\n\n<p>wir sch\u00fctzten Ihre personenbezogenen daten. wir behandeln Ihre daten verantwortungsbewusst und entsprechend den bestimmungen des datenschutzrechts. wir erheben, speichern und verarbeiten ihre daten nur, soweit dies f\u00fcr die abwicklung von anfragen oder auftr\u00e4gen erforderlich ist. dar\u00fcber hinaus verwenden wir ihre daten nur, soweit sie hierzu ausdr\u00fccklich eingewilligt haben. ihre daten werden nicht an dritte weitergegeben.<\/p>\n\n\n\n<p>markenrechte:<\/p>\n\n\n\n<p>alle innerhalb dieser website genannten und ggf. durch dritte gesch\u00fctzten marken- und warenzeichen unterliegen uneingeschr\u00e4nkt den bestimmungen des jeweils g\u00fcltigen kennzeichenrechts und den besitzrechten der jeweiligen eingetragenen eigent\u00fcmer.<\/p>\n\n\n\n<p>\u00a9 2021. alle rechte vorbehalten. &#8211; design &amp; programmierung :\u00a0<a href=\"http:\/\/pits.cc\/\">kern\u00f6l-it.at<\/a><\/p>\n","protected":false},"excerpt":{"rendered":"<p>verantwortlich f\u00fcr den inhalt dieser webseite: impressum (offenlegungspflicht lt. \u00a725 mediengesetz): medieninhaber:\u00a0plank it-service anschrift:\u00a0brunngasse 59, 2540 bad v\u00f6slau telefon:\u00a0+43 (0)664<\/p>\n","protected":false},"author":1,"featured_media":0,"parent":0,"menu_order":0,"comment_status":"closed","ping_status":"closed","template":"","meta":{"footnotes":""},"class_list":["post-492","page","type-page","status-publish","hentry"],"_links":{"self":[{"href":"https:\/\/wp.xn--kernl-it-q4a.at\/index.php?rest_route=\/wp\/v2\/pages\/492","targetHints":{"allow":["GET"]}}],"collection":[{"href":"https:\/\/wp.xn--kernl-it-q4a.at\/index.php?rest_route=\/wp\/v2\/pages"}],"about":[{"href":"https:\/\/wp.xn--kernl-it-q4a.at\/index.php?rest_route=\/wp\/v2\/types\/page"}],"author":[{"embeddable":true,"href":"https:\/\/wp.xn--kernl-it-q4a.at\/index.php?rest_route=\/wp\/v2\/users\/1"}],"replies":[{"embeddable":true,"href":"https:\/\/wp.xn--kernl-it-q4a.at\/index.php?rest_route=%2Fwp%2Fv2%2Fcomments&post=492"}],"version-history":[{"count":1,"href":"https:\/\/wp.xn--kernl-it-q4a.at\/index.php?rest_route=\/wp\/v2\/pages\/492\/revisions"}],"predecessor-version":[{"id":493,"href":"https:\/\/wp.xn--kernl-it-q4a.at\/index.php?rest_route=\/wp\/v2\/pages\/492\/revisions\/493"}],"wp:attachment":[{"href":"https:\/\/wp.xn--kernl-it-q4a.at\/index.php?rest_route=%2Fwp%2Fv2%2Fmedia&parent=492"}],"curies":[{"name":"wp","href":"https:\/\/api.w.org\/{rel}","templated":true}]}}